{"id":303,"date":"2026-03-19T19:42:15","date_gmt":"2026-03-19T19:42:15","guid":{"rendered":"https:\/\/penalawyers.com\/lesiones-personales\/muerte-por-negligencia\/"},"modified":"2026-03-27T18:12:02","modified_gmt":"2026-03-27T18:12:02","slug":"muerte-por-negligencia","status":"publish","type":"page","link":"https:\/\/penalawyers.com\/es\/lesiones-personales\/muerte-por-negligencia\/","title":{"rendered":"Muerte por Negligencia"},"content":{"rendered":"\n<h2 class=\"wp-block-heading\"><strong>Protegiendo el Legado y el Futuro de su Familia.<\/strong> <\/h2>\n\n<p>Cuando un ser querido es arrebatado debido a la imprudencia de otro, el impacto emocional es abrumador. Adem\u00e1s del dolor, las familias a menudo se enfrentan repentinamente a gastos funerarios, p\u00e9rdida de ingresos del hogar y un futuro incierto. En <strong>Pena Law Group, P.A.<\/strong>, creemos que, si bien ninguna cantidad de dinero puede reemplazar una vida humana, una reclamaci\u00f3n por muerte por negligencia es una herramienta vital para responsabilizar a los culpables y garantizar que los supervivientes no queden en la ruina financiera.<\/p>\n\n<p>La Ley de Muerte por Negligencia de Florida (Estatutos 768.16\u2013768.26) es compleja. Requiere una estructura legal espec\u00edfica, comenzando con el nombramiento de un <strong>Representante Personal<\/strong>, para presentar una reclamaci\u00f3n en nombre de los supervivientes y del patrimonio. Gestionamos el proceso de sucesi\u00f3n y litigio de principio a fin, permitiendo a su familia el espacio para el duelo mientras aseguramos sus derechos.<\/p>\n\n<p><strong>Supervivientes Elegibles Seg\u00fan la Ley de Florida:<\/strong><\/p>\n\n<ul class=\"wp-block-list\">\n<li><strong>C\u00f3nyuges Supervivientes:<\/strong> Con derecho a recuperar por la p\u00e9rdida de compa\u00f1\u00eda, protecci\u00f3n y dolor y sufrimiento mental.<\/li>\n\n\n\n<li><strong>Hijos Menores (Menores de 25 A\u00f1os):<\/strong> La ley de Florida protege espec\u00edficamente a los hijos menores de 25 a\u00f1os, permiti\u00e9ndoles recuperar por la p\u00e9rdida de compa\u00f1\u00eda, instrucci\u00f3n y orientaci\u00f3n parental.<\/li>\n\n\n\n<li><strong>Padres:<\/strong> Pueden recuperar por dolor y sufrimiento mental tras la p\u00e9rdida de un hijo menor y, en circunstancias espec\u00edficas, de un hijo adulto.<\/li>\n\n\n\n<li><strong>Familiares Dependientes:<\/strong> Cualquier pariente consangu\u00edneo o hermano adoptivo que dependiera parcial o totalmente del fallecido para su sustento o servicios.<\/li>\n<\/ul>\n\n<blockquote class=\"wp-block-quote is-layout-flow wp-block-quote-is-layout-flow\">\n<div class=\"highlight-box\">\n    <p>\u00abNo podemos devolver a su ser querido, pero podemos asegurarnos de que la persona o corporaci\u00f3n responsable de su p\u00e9rdida sea plenamente responsabilizada conforme a la ley. Luchamos por las respuestas que usted merece.\u00bb<\/p>\n            <span>\u2014 Ashley C. Pena, Esq.<\/span>\n    <\/div><\/blockquote>\n\n<h2 class=\"wp-block-heading\">Preguntas frecuentes<\/h2>\n\n<div class=\"faq-item\">\n            <div class=\"faq-question\">\u00bfQui\u00e9n est\u00e1 autorizado para presentar una demanda por muerte por negligencia en Florida?<\/div>\n        \n            <div class=\"faq-answer\">\n            \nLa ley de Florida requiere que una persona, conocida como el Representante Personal del patrimonio, presente la demanda. Esta persona suele ser nombrada en el testamento del fallecido; si no hay testamento, el tribunal nombrar\u00e1 un representante (normalmente un c\u00f3nyuge o familiar cercano). Este representante presenta una \u00fanica acci\u00f3n en beneficio de todos los supervivientes elegibles y del patrimonio.\n\n\n        <\/div>\n    <\/div>\n<div class=\"faq-item\">\n            <div class=\"faq-question\">\u00bfCu\u00e1l es el Plazo de Prescripci\u00f3n de 2026 para muerte por negligencia?<\/div>\n        \n            <div class=\"faq-answer\">\n            \n\n\nEn Florida, generalmente solo dispone de dos a\u00f1os desde la fecha del fallecimiento para presentar una demanda. Dado que las pruebas como grabaciones de vigilancia o datos de veh\u00edculos pueden destruirse r\u00e1pidamente, es fundamental iniciar el proceso legal lo antes posible para preservar los hechos del caso.\n\n\n\n\n\n        <\/div>\n    <\/div>\n<div class=\"faq-item\">\n            <div class=\"faq-question\">\u00bfPodemos recuperar por la muerte de un hijo no nacido?<\/div>\n        \n            <div class=\"faq-answer\">\n            \n\n\n\n\n\nS\u00ed. Tras las actualizaciones legislativas de 2026 (como el SB 1506), la ley de Florida ahora reconoce el derecho de los padres a recuperar ciertos da\u00f1os por la muerte por negligencia de un hijo no nacido en cualquier edad gestacional debido a negligencia.\n\n\n\n\n\n\n\n\n        <\/div>\n    <\/div>\n<div class=\"faq-item\">\n            <div class=\"faq-question\">\u00bfQu\u00e9 tipo de &quot;Da\u00f1os&quot; se pueden recuperar?<\/div>\n        \n            <div class=\"faq-answer\">\n            Seg\u00fan la ley de Florida, la compensaci\u00f3n disponible en una reclamaci\u00f3n por muerte por negligencia se divide en tres categor\u00edas distintas dise\u00f1adas para abordar tanto el impacto financiero como emocional de una p\u00e9rdida. Los supervivientes pueden primero reclamar P\u00e9rdidas Econ\u00f3micas, que cubren costes cuantificables como el apoyo financiero perdido, el valor de los servicios dom\u00e9sticos perdidos y cualquier gasto m\u00e9dico o funerario incurrido. M\u00e1s all\u00e1 de estos c\u00e1lculos financieros, la ley permite la recuperaci\u00f3n de P\u00e9rdidas No Econ\u00f3micas para abordar el profundo impacto humano de la tragedia, incluyendo compensaci\u00f3n por dolor y sufrimiento mental, la p\u00e9rdida de compa\u00f1\u00eda de la pareja y la p\u00e9rdida de orientaci\u00f3n parental para los hijos supervivientes. Finalmente, la reclamaci\u00f3n puede incluir Da\u00f1os al Patrimonio para recuperar \u00abacumulaciones netas\u00bb, que representan la riqueza futura y la herencia que el fallecido probablemente habr\u00eda acumulado y dejado a sus seres queridos si hubiera vivido una esperanza de vida completa.\n        <\/div>\n    <\/div>\n<p><\/p>\n","protected":false},"excerpt":{"rendered":"<p>Protegiendo el Legado y el Futuro de su Familia. Cuando un ser querido es arrebatado debido a la imprudencia de otro, el impacto emocional es abrumador. Adem\u00e1s del dolor, las familias a menudo se enfrentan repentinamente a gastos funerarios, p\u00e9rdida de ingresos del hogar y un futuro incierto. En Pena Law Group, P.A., creemos que, [&hellip;]<\/p>\n","protected":false},"author":1,"featured_media":295,"parent":296,"menu_order":0,"comment_status":"closed","ping_status":"closed","template":"template-practice-area.php","meta":{"_acf_changed":false,"footnotes":""},"class_list":["post-303","page","type-page","status-publish","has-post-thumbnail","hentry"],"acf":[],"yoast_head":"<!-- This site is optimized with the Yoast SEO plugin v27.4 - https:\/\/yoast.com\/product\/yoast-seo-wordpress\/ -->\n<title>Muerte por Negligencia - Pena Law Group, P.A.<\/title>\n<meta name=\"robots\" content=\"index, follow, max-snippet:-1, max-image-preview:large, max-video-preview:-1\" \/>\n<link rel=\"canonical\" href=\"https:\/\/penalawyers.com\/es\/lesiones-personales\/muerte-por-negligencia\/\" \/>\n<meta property=\"og:locale\" content=\"es_ES\" \/>\n<meta property=\"og:type\" content=\"article\" \/>\n<meta property=\"og:title\" content=\"Muerte por Negligencia - Pena Law Group, P.A.\" \/>\n<meta property=\"og:description\" content=\"Protegiendo el Legado y el Futuro de su Familia. Cuando un ser querido es arrebatado debido a la imprudencia de otro, el impacto emocional es abrumador. Adem\u00e1s del dolor, las familias a menudo se enfrentan repentinamente a gastos funerarios, p\u00e9rdida de ingresos del hogar y un futuro incierto. En Pena Law Group, P.A., creemos que, [&hellip;]\" \/>\n<meta property=\"og:url\" content=\"https:\/\/penalawyers.com\/es\/lesiones-personales\/muerte-por-negligencia\/\" \/>\n<meta property=\"og:site_name\" content=\"Pena Law Group, P.A.\" \/>\n<meta property=\"article:modified_time\" content=\"2026-03-27T18:12:02+00:00\" \/>\n<meta property=\"og:image\" content=\"https:\/\/penalawyers.com\/wp-content\/uploads\/2026\/03\/scales-of-justice.jpg\" \/>\n\t<meta property=\"og:image:width\" content=\"1400\" \/>\n\t<meta property=\"og:image:height\" content=\"669\" \/>\n\t<meta property=\"og:image:type\" content=\"image\/jpeg\" \/>\n<meta name=\"twitter:card\" content=\"summary_large_image\" \/>\n<meta name=\"twitter:label1\" content=\"Tiempo de lectura\" \/>\n\t<meta name=\"twitter:data1\" content=\"1 minuto\" \/>\n<script type=\"application\/ld+json\" class=\"yoast-schema-graph\">{\"@context\":\"https:\\\/\\\/schema.org\",\"@graph\":[{\"@type\":\"WebPage\",\"@id\":\"https:\\\/\\\/penalawyers.com\\\/es\\\/lesiones-personales\\\/muerte-por-negligencia\\\/\",\"url\":\"https:\\\/\\\/penalawyers.com\\\/es\\\/lesiones-personales\\\/muerte-por-negligencia\\\/\",\"name\":\"Muerte por Negligencia - Pena Law Group, P.A.\",\"isPartOf\":{\"@id\":\"https:\\\/\\\/penalawyers.com\\\/es\\\/#website\"},\"primaryImageOfPage\":{\"@id\":\"https:\\\/\\\/penalawyers.com\\\/es\\\/lesiones-personales\\\/muerte-por-negligencia\\\/#primaryimage\"},\"image\":{\"@id\":\"https:\\\/\\\/penalawyers.com\\\/es\\\/lesiones-personales\\\/muerte-por-negligencia\\\/#primaryimage\"},\"thumbnailUrl\":\"https:\\\/\\\/penalawyers.com\\\/wp-content\\\/uploads\\\/2026\\\/03\\\/scales-of-justice.jpg\",\"datePublished\":\"2026-03-19T19:42:15+00:00\",\"dateModified\":\"2026-03-27T18:12:02+00:00\",\"breadcrumb\":{\"@id\":\"https:\\\/\\\/penalawyers.com\\\/es\\\/lesiones-personales\\\/muerte-por-negligencia\\\/#breadcrumb\"},\"inLanguage\":\"es\",\"potentialAction\":[{\"@type\":\"ReadAction\",\"target\":[\"https:\\\/\\\/penalawyers.com\\\/es\\\/lesiones-personales\\\/muerte-por-negligencia\\\/\"]}]},{\"@type\":\"ImageObject\",\"inLanguage\":\"es\",\"@id\":\"https:\\\/\\\/penalawyers.com\\\/es\\\/lesiones-personales\\\/muerte-por-negligencia\\\/#primaryimage\",\"url\":\"https:\\\/\\\/penalawyers.com\\\/wp-content\\\/uploads\\\/2026\\\/03\\\/scales-of-justice.jpg\",\"contentUrl\":\"https:\\\/\\\/penalawyers.com\\\/wp-content\\\/uploads\\\/2026\\\/03\\\/scales-of-justice.jpg\",\"width\":1400,\"height\":669,\"caption\":\"Balanza de la justicia\"},{\"@type\":\"BreadcrumbList\",\"@id\":\"https:\\\/\\\/penalawyers.com\\\/es\\\/lesiones-personales\\\/muerte-por-negligencia\\\/#breadcrumb\",\"itemListElement\":[{\"@type\":\"ListItem\",\"position\":1,\"name\":\"Home\",\"item\":\"https:\\\/\\\/penalawyers.com\\\/es\\\/\"},{\"@type\":\"ListItem\",\"position\":2,\"name\":\"Lesiones personales\",\"item\":\"https:\\\/\\\/penalawyers.com\\\/es\\\/lesiones-personales\\\/\"},{\"@type\":\"ListItem\",\"position\":3,\"name\":\"Muerte por Negligencia\"}]},{\"@type\":\"WebSite\",\"@id\":\"https:\\\/\\\/penalawyers.com\\\/es\\\/#website\",\"url\":\"https:\\\/\\\/penalawyers.com\\\/es\\\/\",\"name\":\"Pena Law Group, P.A.\",\"description\":\"Central Florida Personal Injury Lawyers\",\"potentialAction\":[{\"@type\":\"SearchAction\",\"target\":{\"@type\":\"EntryPoint\",\"urlTemplate\":\"https:\\\/\\\/penalawyers.com\\\/es\\\/?s={search_term_string}\"},\"query-input\":{\"@type\":\"PropertyValueSpecification\",\"valueRequired\":true,\"valueName\":\"search_term_string\"}}],\"inLanguage\":\"es\"}]}<\/script>\n<!-- \/ Yoast SEO plugin. -->","yoast_head_json":{"title":"Muerte por Negligencia - Pena Law Group, P.A.","robots":{"index":"index","follow":"follow","max-snippet":"max-snippet:-1","max-image-preview":"max-image-preview:large","max-video-preview":"max-video-preview:-1"},"canonical":"https:\/\/penalawyers.com\/es\/lesiones-personales\/muerte-por-negligencia\/","og_locale":"es_ES","og_type":"article","og_title":"Muerte por Negligencia - Pena Law Group, P.A.","og_description":"Protegiendo el Legado y el Futuro de su Familia. Cuando un ser querido es arrebatado debido a la imprudencia de otro, el impacto emocional es abrumador. Adem\u00e1s del dolor, las familias a menudo se enfrentan repentinamente a gastos funerarios, p\u00e9rdida de ingresos del hogar y un futuro incierto. En Pena Law Group, P.A., creemos que, [&hellip;]","og_url":"https:\/\/penalawyers.com\/es\/lesiones-personales\/muerte-por-negligencia\/","og_site_name":"Pena Law Group, P.A.","article_modified_time":"2026-03-27T18:12:02+00:00","og_image":[{"width":1400,"height":669,"url":"https:\/\/penalawyers.com\/wp-content\/uploads\/2026\/03\/scales-of-justice.jpg","type":"image\/jpeg"}],"twitter_card":"summary_large_image","twitter_misc":{"Tiempo de lectura":"1 minuto"},"schema":{"@context":"https:\/\/schema.org","@graph":[{"@type":"WebPage","@id":"https:\/\/penalawyers.com\/es\/lesiones-personales\/muerte-por-negligencia\/","url":"https:\/\/penalawyers.com\/es\/lesiones-personales\/muerte-por-negligencia\/","name":"Muerte por Negligencia - Pena Law Group, P.A.","isPartOf":{"@id":"https:\/\/penalawyers.com\/es\/#website"},"primaryImageOfPage":{"@id":"https:\/\/penalawyers.com\/es\/lesiones-personales\/muerte-por-negligencia\/#primaryimage"},"image":{"@id":"https:\/\/penalawyers.com\/es\/lesiones-personales\/muerte-por-negligencia\/#primaryimage"},"thumbnailUrl":"https:\/\/penalawyers.com\/wp-content\/uploads\/2026\/03\/scales-of-justice.jpg","datePublished":"2026-03-19T19:42:15+00:00","dateModified":"2026-03-27T18:12:02+00:00","breadcrumb":{"@id":"https:\/\/penalawyers.com\/es\/lesiones-personales\/muerte-por-negligencia\/#breadcrumb"},"inLanguage":"es","potentialAction":[{"@type":"ReadAction","target":["https:\/\/penalawyers.com\/es\/lesiones-personales\/muerte-por-negligencia\/"]}]},{"@type":"ImageObject","inLanguage":"es","@id":"https:\/\/penalawyers.com\/es\/lesiones-personales\/muerte-por-negligencia\/#primaryimage","url":"https:\/\/penalawyers.com\/wp-content\/uploads\/2026\/03\/scales-of-justice.jpg","contentUrl":"https:\/\/penalawyers.com\/wp-content\/uploads\/2026\/03\/scales-of-justice.jpg","width":1400,"height":669,"caption":"Balanza de la justicia"},{"@type":"BreadcrumbList","@id":"https:\/\/penalawyers.com\/es\/lesiones-personales\/muerte-por-negligencia\/#breadcrumb","itemListElement":[{"@type":"ListItem","position":1,"name":"Home","item":"https:\/\/penalawyers.com\/es\/"},{"@type":"ListItem","position":2,"name":"Lesiones personales","item":"https:\/\/penalawyers.com\/es\/lesiones-personales\/"},{"@type":"ListItem","position":3,"name":"Muerte por Negligencia"}]},{"@type":"WebSite","@id":"https:\/\/penalawyers.com\/es\/#website","url":"https:\/\/penalawyers.com\/es\/","name":"Pena Law Group, P.A.","description":"Central Florida Personal Injury Lawyers","potentialAction":[{"@type":"SearchAction","target":{"@type":"EntryPoint","urlTemplate":"https:\/\/penalawyers.com\/es\/?s={search_term_string}"},"query-input":{"@type":"PropertyValueSpecification","valueRequired":true,"valueName":"search_term_string"}}],"inLanguage":"es"}]}},"_links":{"self":[{"href":"https:\/\/penalawyers.com\/es\/wp-json\/wp\/v2\/pages\/303","targetHints":{"allow":["GET"]}}],"collection":[{"href":"https:\/\/penalawyers.com\/es\/wp-json\/wp\/v2\/pages"}],"about":[{"href":"https:\/\/penalawyers.com\/es\/wp-json\/wp\/v2\/types\/page"}],"author":[{"embeddable":true,"href":"https:\/\/penalawyers.com\/es\/wp-json\/wp\/v2\/users\/1"}],"replies":[{"embeddable":true,"href":"https:\/\/penalawyers.com\/es\/wp-json\/wp\/v2\/comments?post=303"}],"version-history":[{"count":1,"href":"https:\/\/penalawyers.com\/es\/wp-json\/wp\/v2\/pages\/303\/revisions"}],"predecessor-version":[{"id":304,"href":"https:\/\/penalawyers.com\/es\/wp-json\/wp\/v2\/pages\/303\/revisions\/304"}],"up":[{"embeddable":true,"href":"https:\/\/penalawyers.com\/es\/wp-json\/wp\/v2\/pages\/296"}],"wp:featuredmedia":[{"embeddable":true,"href":"https:\/\/penalawyers.com\/es\/wp-json\/wp\/v2\/media\/295"}],"wp:attachment":[{"href":"https:\/\/penalawyers.com\/es\/wp-json\/wp\/v2\/media?parent=303"}],"curies":[{"name":"wp","href":"https:\/\/api.w.org\/{rel}","templated":true}]}}