{"id":296,"date":"2026-03-19T18:28:52","date_gmt":"2026-03-19T18:28:52","guid":{"rendered":"https:\/\/penalawyers.com\/lesiones-personales\/"},"modified":"2026-04-17T16:27:27","modified_gmt":"2026-04-17T16:27:27","slug":"lesiones-personales","status":"publish","type":"page","link":"https:\/\/penalawyers.com\/es\/lesiones-personales\/","title":{"rendered":"Lesiones personales"},"content":{"rendered":"\n<h2 class=\"wp-block-heading\"><strong>M\u00e1s all\u00e1 de la lesi\u00f3n: protegemos su futuro.<\/strong> <\/h2>\n\n\n\n<p>Una lesi\u00f3n personal es m\u00e1s que un simple diagn\u00f3stico m\u00e9dico; es una alteraci\u00f3n de su sustento, de la estabilidad de su familia y de su tranquilidad. Tanto si ha sufrido un resbal\u00f3n y ca\u00edda, una lesi\u00f3n cerebral traum\u00e1tica o una p\u00e9rdida catastr\u00f3fica debido a la imprudencia de otra persona, no deber\u00eda tener que afrontar solo las consecuencias legales.<\/p>\n\n\n\n<p>En <strong>Pena Law Group, P.A.<\/strong>, no nos limitamos a \u201cpresentar reclamaciones\u201d; preparamos casos para juicio. Entendemos que las compa\u00f1\u00edas de seguros no buscan ofrecerle un acuerdo justo; buscan proteger sus beneficios. Nuestro trabajo es asegurarnos de que paguen cada d\u00f3lar de sus p\u00e9rdidas pasadas y futuras.<\/p>\n\n\n\n<h2 class=\"wp-block-heading\"><strong>Experiencia en lesiones personales<\/strong> <\/h2>\n\n\n\n<p>Ofrecemos una representaci\u00f3n contundente y orientada a resultados para una amplia gama de casos de negligencia:<\/p>\n\n\n\n<ul class=\"wp-block-list\">\n<li><strong>Accidentes de coche:<\/strong> Desde colisiones a alta velocidad en autopista hasta conducci\u00f3n distra\u00edda en zonas residenciales, exigimos responsabilidades a los conductores negligentes y a sus aseguradoras por sus facturas m\u00e9dicas y las reparaciones del veh\u00edculo.<\/li>\n\n\n\n<li><strong>Lesiones laborales:<\/strong> Si se lesion\u00f3 en el trabajo, es probable que tenga derecho a prestaciones de compensaci\u00f3n de los trabajadores (Workers\u2019 Compensation). Nos desenvolvemos en el complejo sistema \u201csin culpa\u201d para garantizar que se autorice su atenci\u00f3n m\u00e9dica y se le paguen los salarios perdidos.<\/li>\n\n\n\n<li><strong>Resbalones, tropiezos y ca\u00eddas:<\/strong> Los propietarios tienen el deber legal de mantener unas instalaciones seguras. Hacemos responsables a minoristas, arrendadores y empresas por condiciones peligrosas que provocan ca\u00eddas evitables.<\/li>\n\n\n\n<li><strong>Lesiones catastr\u00f3ficas y que cambian la vida:<\/strong> Ofrecemos una defensa dedicada a v\u00edctimas de lesiones medulares, lesiones cerebrales traum\u00e1ticas (TBI) y discapacidades permanentes que requieren toda una vida de cuidados especializados.<\/li>\n\n\n\n<li><strong>Responsabilidad de las instalaciones y seguridad inadecuada:<\/strong> Si se lesion\u00f3 por un mantenimiento deficiente, iluminaci\u00f3n averiada o falta de seguridad en una propiedad comercial, luchamos para recuperar la indemnizaci\u00f3n que usted merece.<\/li>\n<\/ul>\n\n\n\n<blockquote class=\"wp-block-quote is-layout-flow wp-block-quote-is-layout-flow\">\n<div class=\"highlight-box\">\n    <p>\u00abUn acuerdo por lesiones personales solo es una victoria si cubre sus necesidades de por vida. Si la compa\u00f1\u00eda de seguros no juega limpio, estamos preparados para llevarlos a los tribunales.\u00bb<\/p>\n            <span>\u2014 Ashley C. Pena, Esq.<\/span>\n    <\/div><\/blockquote>\n\n\n\n<h2 class=\"wp-block-heading\">Preguntas frecuentes<\/h2>\n\n\n\n<div class=\"faq-item\">\n            <div class=\"faq-question\">\u00bfPuedo presentar una reclamaci\u00f3n por lesiones personales si me lesion\u00e9 mientras trabajaba?<\/div>\n        \n            <div class=\"faq-answer\">\n            \nS\u00ed, en muchos casos. Aunque la compensaci\u00f3n de los trabajadores (Workers\u2019 Compensation) es su principal v\u00eda de recuperaci\u00f3n por una lesi\u00f3n laboral, si un \u201ctercero\u201d (alguien distinto de su empleador) caus\u00f3 el accidente \u2014por ejemplo, un conductor negligente mientras usted hac\u00eda una entrega\u2014, es posible que pueda presentar una demanda independiente por lesiones personales contra esa persona por da\u00f1os y perjuicios, incluido el dolor y el sufrimiento.\n\n\n        <\/div>\n    <\/div>\n\n\n<div class=\"faq-item\">\n            <div class=\"faq-question\">\u00bfCu\u00e1l es la diferencia entre una reclamaci\u00f3n al seguro y una demanda por lesiones personales?<\/div>\n        \n            <div class=\"faq-answer\">\n            \n\n\nUna reclamaci\u00f3n al seguro es una solicitud de pago a una compa\u00f1\u00eda de seguros (como su PIP o la p\u00f3liza del conductor culpable). Una demanda es una acci\u00f3n legal presentada ante un tribunal cuando la compa\u00f1\u00eda de seguros se niega a ofrecer un acuerdo justo. En Pena Law Group, P.A., gestionamos todo el proceso: desde la reclamaci\u00f3n inicial hasta un juicio con jurado si fuera necesario.\n\n\n\n\n\n        <\/div>\n    <\/div>\n\n\n<div class=\"faq-item\">\n            <div class=\"faq-question\">He tenido un accidente de coche; \u00bfpor qu\u00e9 necesito un abogado de lesiones personales en lugar de limitarme a llamar a mi seguro?<\/div>\n        \n            <div class=\"faq-answer\">\n            \n\n\n\n\n\n\nEl objetivo de su compa\u00f1\u00eda de seguros es resolver su reclamaci\u00f3n al menor coste posible. Un abogado de lesiones personales trabaja para usted, no para los accionistas de una compa\u00f1\u00eda de seguros. Identificamos todas las posibles fuentes de cobertura del seguro y nos aseguramos de que no le presionen para aceptar un acuerdo a la baja antes de conocer el alcance total de sus lesiones.<\/p>\n\n\n\n\n\n\n\n\n\n        <\/div>\n    <\/div>\n\n\n<div class=\"faq-item\">\n            <div class=\"faq-question\">\u00bfCu\u00e1nto tiempo tardar\u00e1 mi caso de lesiones personales?<\/div>\n        \n            <div class=\"faq-answer\">\n            Cada caso es diferente. Algunas reclamaciones se resuelven en unos meses, mientras que un litigio complejo puede tardar m\u00e1s de un a\u00f1o. Nuestra prioridad es asegurarnos de que alcance la \u201cmejor\u00eda m\u00e9dica m\u00e1xima\u201d (MMI) antes de llegar a un acuerdo, para saber exactamente cu\u00e1nto costar\u00e1n sus necesidades m\u00e9dicas futuras. No nos precipitamos: lo hacemos bien.\n        <\/div>\n    <\/div>","protected":false},"excerpt":{"rendered":"<p>M\u00e1s all\u00e1 de la lesi\u00f3n: protegemos su futuro. Una lesi\u00f3n personal es m\u00e1s que un simple diagn\u00f3stico m\u00e9dico; es una alteraci\u00f3n de su sustento, de la estabilidad de su familia y de su tranquilidad. Tanto si ha sufrido un resbal\u00f3n y ca\u00edda, una lesi\u00f3n cerebral traum\u00e1tica o una p\u00e9rdida catastr\u00f3fica debido a la imprudencia de [&hellip;]<\/p>\n","protected":false},"author":1,"featured_media":295,"parent":0,"menu_order":0,"comment_status":"closed","ping_status":"closed","template":"template-practice-area.php","meta":{"_acf_changed":false,"footnotes":""},"class_list":["post-296","page","type-page","status-publish","has-post-thumbnail","hentry"],"acf":[],"yoast_head":"<!-- This site is optimized with the Yoast SEO plugin v27.4 - https:\/\/yoast.com\/product\/yoast-seo-wordpress\/ -->\n<title>Lesiones personales - Pena Law Group, P.A.<\/title>\n<meta name=\"robots\" content=\"index, follow, max-snippet:-1, max-image-preview:large, max-video-preview:-1\" \/>\n<link rel=\"canonical\" href=\"https:\/\/penalawyers.com\/es\/lesiones-personales\/\" \/>\n<meta property=\"og:locale\" content=\"es_ES\" \/>\n<meta property=\"og:type\" content=\"article\" \/>\n<meta property=\"og:title\" content=\"Lesiones personales - Pena Law Group, P.A.\" \/>\n<meta property=\"og:description\" content=\"M\u00e1s all\u00e1 de la lesi\u00f3n: protegemos su futuro. Una lesi\u00f3n personal es m\u00e1s que un simple diagn\u00f3stico m\u00e9dico; es una alteraci\u00f3n de su sustento, de la estabilidad de su familia y de su tranquilidad. Tanto si ha sufrido un resbal\u00f3n y ca\u00edda, una lesi\u00f3n cerebral traum\u00e1tica o una p\u00e9rdida catastr\u00f3fica debido a la imprudencia de [&hellip;]\" \/>\n<meta property=\"og:url\" content=\"https:\/\/penalawyers.com\/es\/lesiones-personales\/\" \/>\n<meta property=\"og:site_name\" content=\"Pena Law Group, P.A.\" \/>\n<meta property=\"article:modified_time\" content=\"2026-04-17T16:27:27+00:00\" \/>\n<meta property=\"og:image\" content=\"https:\/\/penalawyers.com\/wp-content\/uploads\/2026\/03\/scales-of-justice.jpg\" \/>\n\t<meta property=\"og:image:width\" content=\"1400\" \/>\n\t<meta property=\"og:image:height\" content=\"669\" \/>\n\t<meta property=\"og:image:type\" content=\"image\/jpeg\" \/>\n<meta name=\"twitter:card\" content=\"summary_large_image\" \/>\n<meta name=\"twitter:label1\" content=\"Tiempo de lectura\" \/>\n\t<meta name=\"twitter:data1\" content=\"2 minutos\" \/>\n<script type=\"application\/ld+json\" class=\"yoast-schema-graph\">{\"@context\":\"https:\\\/\\\/schema.org\",\"@graph\":[{\"@type\":\"WebPage\",\"@id\":\"https:\\\/\\\/penalawyers.com\\\/es\\\/lesiones-personales\\\/\",\"url\":\"https:\\\/\\\/penalawyers.com\\\/es\\\/lesiones-personales\\\/\",\"name\":\"Lesiones personales - Pena Law Group, P.A.\",\"isPartOf\":{\"@id\":\"https:\\\/\\\/penalawyers.com\\\/es\\\/#website\"},\"primaryImageOfPage\":{\"@id\":\"https:\\\/\\\/penalawyers.com\\\/es\\\/lesiones-personales\\\/#primaryimage\"},\"image\":{\"@id\":\"https:\\\/\\\/penalawyers.com\\\/es\\\/lesiones-personales\\\/#primaryimage\"},\"thumbnailUrl\":\"https:\\\/\\\/penalawyers.com\\\/wp-content\\\/uploads\\\/2026\\\/03\\\/scales-of-justice.jpg\",\"datePublished\":\"2026-03-19T18:28:52+00:00\",\"dateModified\":\"2026-04-17T16:27:27+00:00\",\"breadcrumb\":{\"@id\":\"https:\\\/\\\/penalawyers.com\\\/es\\\/lesiones-personales\\\/#breadcrumb\"},\"inLanguage\":\"es\",\"potentialAction\":[{\"@type\":\"ReadAction\",\"target\":[\"https:\\\/\\\/penalawyers.com\\\/es\\\/lesiones-personales\\\/\"]}]},{\"@type\":\"ImageObject\",\"inLanguage\":\"es\",\"@id\":\"https:\\\/\\\/penalawyers.com\\\/es\\\/lesiones-personales\\\/#primaryimage\",\"url\":\"https:\\\/\\\/penalawyers.com\\\/wp-content\\\/uploads\\\/2026\\\/03\\\/scales-of-justice.jpg\",\"contentUrl\":\"https:\\\/\\\/penalawyers.com\\\/wp-content\\\/uploads\\\/2026\\\/03\\\/scales-of-justice.jpg\",\"width\":1400,\"height\":669,\"caption\":\"Balanza de la justicia\"},{\"@type\":\"BreadcrumbList\",\"@id\":\"https:\\\/\\\/penalawyers.com\\\/es\\\/lesiones-personales\\\/#breadcrumb\",\"itemListElement\":[{\"@type\":\"ListItem\",\"position\":1,\"name\":\"Home\",\"item\":\"https:\\\/\\\/penalawyers.com\\\/es\\\/\"},{\"@type\":\"ListItem\",\"position\":2,\"name\":\"Lesiones personales\"}]},{\"@type\":\"WebSite\",\"@id\":\"https:\\\/\\\/penalawyers.com\\\/es\\\/#website\",\"url\":\"https:\\\/\\\/penalawyers.com\\\/es\\\/\",\"name\":\"Pena Law Group, P.A.\",\"description\":\"Central Florida Personal Injury Lawyers\",\"potentialAction\":[{\"@type\":\"SearchAction\",\"target\":{\"@type\":\"EntryPoint\",\"urlTemplate\":\"https:\\\/\\\/penalawyers.com\\\/es\\\/?s={search_term_string}\"},\"query-input\":{\"@type\":\"PropertyValueSpecification\",\"valueRequired\":true,\"valueName\":\"search_term_string\"}}],\"inLanguage\":\"es\"}]}<\/script>\n<!-- \/ Yoast SEO plugin. -->","yoast_head_json":{"title":"Lesiones personales - Pena Law Group, P.A.","robots":{"index":"index","follow":"follow","max-snippet":"max-snippet:-1","max-image-preview":"max-image-preview:large","max-video-preview":"max-video-preview:-1"},"canonical":"https:\/\/penalawyers.com\/es\/lesiones-personales\/","og_locale":"es_ES","og_type":"article","og_title":"Lesiones personales - Pena Law Group, P.A.","og_description":"M\u00e1s all\u00e1 de la lesi\u00f3n: protegemos su futuro. Una lesi\u00f3n personal es m\u00e1s que un simple diagn\u00f3stico m\u00e9dico; es una alteraci\u00f3n de su sustento, de la estabilidad de su familia y de su tranquilidad. Tanto si ha sufrido un resbal\u00f3n y ca\u00edda, una lesi\u00f3n cerebral traum\u00e1tica o una p\u00e9rdida catastr\u00f3fica debido a la imprudencia de [&hellip;]","og_url":"https:\/\/penalawyers.com\/es\/lesiones-personales\/","og_site_name":"Pena Law Group, P.A.","article_modified_time":"2026-04-17T16:27:27+00:00","og_image":[{"width":1400,"height":669,"url":"https:\/\/penalawyers.com\/wp-content\/uploads\/2026\/03\/scales-of-justice.jpg","type":"image\/jpeg"}],"twitter_card":"summary_large_image","twitter_misc":{"Tiempo de lectura":"2 minutos"},"schema":{"@context":"https:\/\/schema.org","@graph":[{"@type":"WebPage","@id":"https:\/\/penalawyers.com\/es\/lesiones-personales\/","url":"https:\/\/penalawyers.com\/es\/lesiones-personales\/","name":"Lesiones personales - Pena Law Group, P.A.","isPartOf":{"@id":"https:\/\/penalawyers.com\/es\/#website"},"primaryImageOfPage":{"@id":"https:\/\/penalawyers.com\/es\/lesiones-personales\/#primaryimage"},"image":{"@id":"https:\/\/penalawyers.com\/es\/lesiones-personales\/#primaryimage"},"thumbnailUrl":"https:\/\/penalawyers.com\/wp-content\/uploads\/2026\/03\/scales-of-justice.jpg","datePublished":"2026-03-19T18:28:52+00:00","dateModified":"2026-04-17T16:27:27+00:00","breadcrumb":{"@id":"https:\/\/penalawyers.com\/es\/lesiones-personales\/#breadcrumb"},"inLanguage":"es","potentialAction":[{"@type":"ReadAction","target":["https:\/\/penalawyers.com\/es\/lesiones-personales\/"]}]},{"@type":"ImageObject","inLanguage":"es","@id":"https:\/\/penalawyers.com\/es\/lesiones-personales\/#primaryimage","url":"https:\/\/penalawyers.com\/wp-content\/uploads\/2026\/03\/scales-of-justice.jpg","contentUrl":"https:\/\/penalawyers.com\/wp-content\/uploads\/2026\/03\/scales-of-justice.jpg","width":1400,"height":669,"caption":"Balanza de la justicia"},{"@type":"BreadcrumbList","@id":"https:\/\/penalawyers.com\/es\/lesiones-personales\/#breadcrumb","itemListElement":[{"@type":"ListItem","position":1,"name":"Home","item":"https:\/\/penalawyers.com\/es\/"},{"@type":"ListItem","position":2,"name":"Lesiones personales"}]},{"@type":"WebSite","@id":"https:\/\/penalawyers.com\/es\/#website","url":"https:\/\/penalawyers.com\/es\/","name":"Pena Law Group, P.A.","description":"Central Florida Personal Injury Lawyers","potentialAction":[{"@type":"SearchAction","target":{"@type":"EntryPoint","urlTemplate":"https:\/\/penalawyers.com\/es\/?s={search_term_string}"},"query-input":{"@type":"PropertyValueSpecification","valueRequired":true,"valueName":"search_term_string"}}],"inLanguage":"es"}]}},"_links":{"self":[{"href":"https:\/\/penalawyers.com\/es\/wp-json\/wp\/v2\/pages\/296","targetHints":{"allow":["GET"]}}],"collection":[{"href":"https:\/\/penalawyers.com\/es\/wp-json\/wp\/v2\/pages"}],"about":[{"href":"https:\/\/penalawyers.com\/es\/wp-json\/wp\/v2\/types\/page"}],"author":[{"embeddable":true,"href":"https:\/\/penalawyers.com\/es\/wp-json\/wp\/v2\/users\/1"}],"replies":[{"embeddable":true,"href":"https:\/\/penalawyers.com\/es\/wp-json\/wp\/v2\/comments?post=296"}],"version-history":[{"count":2,"href":"https:\/\/penalawyers.com\/es\/wp-json\/wp\/v2\/pages\/296\/revisions"}],"predecessor-version":[{"id":379,"href":"https:\/\/penalawyers.com\/es\/wp-json\/wp\/v2\/pages\/296\/revisions\/379"}],"wp:featuredmedia":[{"embeddable":true,"href":"https:\/\/penalawyers.com\/es\/wp-json\/wp\/v2\/media\/295"}],"wp:attachment":[{"href":"https:\/\/penalawyers.com\/es\/wp-json\/wp\/v2\/media?parent=296"}],"curies":[{"name":"wp","href":"https:\/\/api.w.org\/{rel}","templated":true}]}}