{"id":291,"date":"2026-03-19T19:30:57","date_gmt":"2026-03-19T19:30:57","guid":{"rendered":"https:\/\/penalawyers.com\/accidente-de-trafico\/accidentes-de-vehiculos-de-transporte-compartido\/"},"modified":"2026-03-27T17:56:38","modified_gmt":"2026-03-27T17:56:38","slug":"accidentes-de-vehiculos-de-transporte-compartido","status":"publish","type":"page","link":"https:\/\/penalawyers.com\/es\/accidente-de-trafico\/accidentes-de-vehiculos-de-transporte-compartido\/","title":{"rendered":"Accidentes de veh\u00edculos de transporte compartido"},"content":{"rendered":"\n<h2 class=\"wp-block-heading\"><strong>La complejidad del estado de la \u00abaplicaci\u00f3n digital\u00bb.<\/strong> <\/h2>\n\n<p>En Florida, un accidente de transporte compartido no es un \u00fanico tipo de reclamaci\u00f3n; es una escala variable de cobertura. Las compa\u00f1\u00edas de seguros de Uber y Lyft a menudo intentan dejar \u00abvac\u00edos\u00bb en su cobertura alegando que el conductor no estaba t\u00e9cnicamente en una misi\u00f3n en el momento del choque. <\/p>\n\n<p>En <strong>Pena Law Group, P.A.<\/strong>, utilizamos inform\u00e1tica forense digital \u2014incluyendo registros de la aplicaci\u00f3n, datos de GPS y recibos con sello de tiempo\u2014 para demostrar qu\u00e9 \u00abfase\u00bb de seguro estaba activa. Hacemos responsables a las Empresas de Redes de Transporte (TNC, por sus siglas en ingl\u00e9s) de las p\u00f3lizas de l\u00edmites elevados que est\u00e1n obligadas por ley a mantener. <\/p>\n\n<p><strong>Las tres fases del seguro de transporte compartido:<\/strong><\/p>\n\n<ul class=\"wp-block-list\">\n<li><strong>Fase 1: Aplicaci\u00f3n encendida, buscando un viaje.<\/strong> El conductor est\u00e1 \u00abactivo\u00bb pero no ha aceptado a un pasajero. La cobertura es menor (normalmente 50.000 $\/100.000 $) y a menudo surgen disputas entre el seguro personal del conductor y la p\u00f3liza de la empresa. <\/li>\n\n\n\n<li><strong>Fase 2: Viaje aceptado, en camino.<\/strong> En el momento en que un conductor pulsa \u00abAceptar\u00bb, se activa la p\u00f3liza comercial de 1 mill\u00f3n de d\u00f3lares. Si le golpean mientras se dirigen r\u00e1pidamente a una recogida, esa p\u00f3liza deber\u00eda cubrir sus da\u00f1os. <\/li>\n\n\n\n<li><strong>Fase 3: Pasajero en el veh\u00edculo.<\/strong> Este es el nivel m\u00e1s alto de protecci\u00f3n. Si usted es un pasajero lesionado, est\u00e1 cubierto por la p\u00f3liza de responsabilidad civil completa de 1 mill\u00f3n de d\u00f3lares y la protecci\u00f3n contra conductores sin seguro (UM), independientemente de qui\u00e9n haya causado el choque. <\/li>\n<\/ul>\n\n<blockquote class=\"wp-block-quote is-layout-flow wp-block-quote-is-layout-flow\">\n<div class=\"highlight-box\">\n    <p>\u00abLas empresas de transporte compartido tratan a sus conductores como contratistas independientes hasta que llega el momento de eludir la responsabilidad. Nosotros los tratamos como lo que son: conductores profesionales en horario de trabajo a los que se debe exigir un nivel de responsabilidad m\u00e1s alto. \u00ab<\/p>\n            <span>\u2014 Ashley C. Pena, Esq.<\/span>\n    <\/div>\n\n\n<h2 class=\"wp-block-heading\">Preguntas frecuentes<\/h2>\n<\/blockquote>\n\n<div class=\"faq-item\">\n            <div class=\"faq-question\">Iba como pasajero en un Uber que choc\u00f3. \u00bfQui\u00e9n paga mis facturas m\u00e9dicas? <\/div>\n        \n            <div class=\"faq-answer\">\n            \nComo pasajero en un viaje de \u00abFase 3\u00bb, normalmente est\u00e1 cubierto por la p\u00f3liza comercial de 1 mill\u00f3n de d\u00f3lares de la empresa de transporte compartido. Esta p\u00f3liza es primaria, lo que significa que debe cubrir sus gastos m\u00e9dicos, salarios perdidos y dolor y sufrimiento desde el primer d\u00f3lar, a menudo superando las limitaciones del PIP est\u00e1ndar. \n\n        <\/div>\n    <\/div>\n<div class=\"faq-item\">\n            <div class=\"faq-question\">\u00bfCu\u00e1l es el plazo de prescripci\u00f3n para un accidente de Uber en 2026?<\/div>\n        \n            <div class=\"faq-answer\">\n            En Florida, dispone de solo dos a\u00f1os desde la fecha del accidente para presentar una demanda. Debido a que estos casos involucran a m\u00faltiples compa\u00f1\u00edas de seguros (la personal del conductor, la comercial de la empresa y la suya propia), la investigaci\u00f3n lleva tiempo. Si espera, los \u00abdatos de la aplicaci\u00f3n\u00bb digitales que demuestran el estado del conductor podr\u00edan perderse o sobrescribirse.  \n        <\/div>\n    <\/div>\n<div class=\"faq-item\">\n            <div class=\"faq-question\">\u00bfPuedo recuperar dinero si el conductor de Uber no tuvo la culpa?<\/div>\n        \n            <div class=\"faq-answer\">\n            S\u00ed. Si otro conductor negligente choc\u00f3 contra su Uber, primero perseguimos al conductor culpable. Sin embargo, si ese conductor no tiene seguro o tiene l\u00edmites bajos, Uber y Lyft proporcionan cobertura de Conductor Sin Seguro o con Seguro Insuficiente (UM\/UIM) a sus pasajeros. Esto garantiza que usted no se quede con la cuenta por el error de otra persona.   \n        <\/div>\n    <\/div>\n<div class=\"faq-item\">\n            <div class=\"faq-question\">\u00bfQu\u00e9 es la &quot;regla del l\u00edmite del 51 %&quot; en la ley de Florida de 2026?<\/div>\n        \n            <div class=\"faq-answer\">\n            Florida sigue un sistema de negligencia comparativa modificada. Si se determina que usted tiene m\u00e1s del 50 % de la culpa del accidente (por ejemplo, como otro conductor involucrado en el choque), se le proh\u00edbe recuperar cualquier compensaci\u00f3n. Las compa\u00f1\u00edas de seguros intentar\u00e1n elevar su porcentaje de culpa al 51 % para cerrar su reclamaci\u00f3n con 0 $. Luchamos para mantener la culpa donde corresponde.   \n        <\/div>\n    <\/div>","protected":false},"excerpt":{"rendered":"<p>La complejidad del estado de la \u00abaplicaci\u00f3n digital\u00bb. En Florida, un accidente de transporte compartido no es un \u00fanico tipo de reclamaci\u00f3n; es una escala variable de cobertura. Las compa\u00f1\u00edas de seguros de Uber y Lyft a menudo intentan dejar \u00abvac\u00edos\u00bb en su cobertura alegando que el conductor no estaba t\u00e9cnicamente en una misi\u00f3n en [&hellip;]<\/p>\n","protected":false},"author":1,"featured_media":282,"parent":283,"menu_order":0,"comment_status":"closed","ping_status":"closed","template":"template-practice-area.php","meta":{"_acf_changed":false,"footnotes":""},"class_list":["post-291","page","type-page","status-publish","has-post-thumbnail","hentry"],"acf":[],"yoast_head":"<!-- This site is optimized with the Yoast SEO plugin v27.4 - https:\/\/yoast.com\/product\/yoast-seo-wordpress\/ -->\n<title>Accidentes de veh\u00edculos de transporte compartido - Pena Law Group, P.A.<\/title>\n<meta name=\"robots\" content=\"index, follow, max-snippet:-1, max-image-preview:large, max-video-preview:-1\" \/>\n<link rel=\"canonical\" href=\"https:\/\/penalawyers.com\/es\/accidente-de-trafico\/accidentes-de-vehiculos-de-transporte-compartido\/\" \/>\n<meta property=\"og:locale\" content=\"es_ES\" \/>\n<meta property=\"og:type\" content=\"article\" \/>\n<meta property=\"og:title\" content=\"Accidentes de veh\u00edculos de transporte compartido - Pena Law Group, P.A.\" \/>\n<meta property=\"og:description\" content=\"La complejidad del estado de la \u00abaplicaci\u00f3n digital\u00bb. En Florida, un accidente de transporte compartido no es un \u00fanico tipo de reclamaci\u00f3n; es una escala variable de cobertura. Las compa\u00f1\u00edas de seguros de Uber y Lyft a menudo intentan dejar \u00abvac\u00edos\u00bb en su cobertura alegando que el conductor no estaba t\u00e9cnicamente en una misi\u00f3n en [&hellip;]\" \/>\n<meta property=\"og:url\" content=\"https:\/\/penalawyers.com\/es\/accidente-de-trafico\/accidentes-de-vehiculos-de-transporte-compartido\/\" \/>\n<meta property=\"og:site_name\" content=\"Pena Law Group, P.A.\" \/>\n<meta property=\"article:modified_time\" content=\"2026-03-27T17:56:38+00:00\" \/>\n<meta property=\"og:image\" content=\"https:\/\/penalawyers.com\/wp-content\/uploads\/2026\/03\/auto-accidents.jpg\" \/>\n\t<meta property=\"og:image:width\" content=\"1400\" \/>\n\t<meta property=\"og:image:height\" content=\"863\" \/>\n\t<meta property=\"og:image:type\" content=\"image\/jpeg\" \/>\n<meta name=\"twitter:card\" content=\"summary_large_image\" \/>\n<meta name=\"twitter:label1\" content=\"Tiempo de lectura\" \/>\n\t<meta name=\"twitter:data1\" content=\"1 minuto\" \/>\n<script type=\"application\/ld+json\" class=\"yoast-schema-graph\">{\"@context\":\"https:\\\/\\\/schema.org\",\"@graph\":[{\"@type\":\"WebPage\",\"@id\":\"https:\\\/\\\/penalawyers.com\\\/es\\\/accidente-de-trafico\\\/accidentes-de-vehiculos-de-transporte-compartido\\\/\",\"url\":\"https:\\\/\\\/penalawyers.com\\\/es\\\/accidente-de-trafico\\\/accidentes-de-vehiculos-de-transporte-compartido\\\/\",\"name\":\"Accidentes de veh\u00edculos de transporte compartido - Pena Law Group, P.A.\",\"isPartOf\":{\"@id\":\"https:\\\/\\\/penalawyers.com\\\/es\\\/#website\"},\"primaryImageOfPage\":{\"@id\":\"https:\\\/\\\/penalawyers.com\\\/es\\\/accidente-de-trafico\\\/accidentes-de-vehiculos-de-transporte-compartido\\\/#primaryimage\"},\"image\":{\"@id\":\"https:\\\/\\\/penalawyers.com\\\/es\\\/accidente-de-trafico\\\/accidentes-de-vehiculos-de-transporte-compartido\\\/#primaryimage\"},\"thumbnailUrl\":\"https:\\\/\\\/penalawyers.com\\\/wp-content\\\/uploads\\\/2026\\\/03\\\/auto-accidents.jpg\",\"datePublished\":\"2026-03-19T19:30:57+00:00\",\"dateModified\":\"2026-03-27T17:56:38+00:00\",\"breadcrumb\":{\"@id\":\"https:\\\/\\\/penalawyers.com\\\/es\\\/accidente-de-trafico\\\/accidentes-de-vehiculos-de-transporte-compartido\\\/#breadcrumb\"},\"inLanguage\":\"es\",\"potentialAction\":[{\"@type\":\"ReadAction\",\"target\":[\"https:\\\/\\\/penalawyers.com\\\/es\\\/accidente-de-trafico\\\/accidentes-de-vehiculos-de-transporte-compartido\\\/\"]}]},{\"@type\":\"ImageObject\",\"inLanguage\":\"es\",\"@id\":\"https:\\\/\\\/penalawyers.com\\\/es\\\/accidente-de-trafico\\\/accidentes-de-vehiculos-de-transporte-compartido\\\/#primaryimage\",\"url\":\"https:\\\/\\\/penalawyers.com\\\/wp-content\\\/uploads\\\/2026\\\/03\\\/auto-accidents.jpg\",\"contentUrl\":\"https:\\\/\\\/penalawyers.com\\\/wp-content\\\/uploads\\\/2026\\\/03\\\/auto-accidents.jpg\",\"width\":1400,\"height\":863,\"caption\":\"Accidentes de carro en el centro de Florida\"},{\"@type\":\"BreadcrumbList\",\"@id\":\"https:\\\/\\\/penalawyers.com\\\/es\\\/accidente-de-trafico\\\/accidentes-de-vehiculos-de-transporte-compartido\\\/#breadcrumb\",\"itemListElement\":[{\"@type\":\"ListItem\",\"position\":1,\"name\":\"Home\",\"item\":\"https:\\\/\\\/penalawyers.com\\\/es\\\/\"},{\"@type\":\"ListItem\",\"position\":2,\"name\":\"Accidente de Auto\",\"item\":\"https:\\\/\\\/penalawyers.com\\\/es\\\/accidente-de-trafico\\\/\"},{\"@type\":\"ListItem\",\"position\":3,\"name\":\"Accidentes de veh\u00edculos de transporte compartido\"}]},{\"@type\":\"WebSite\",\"@id\":\"https:\\\/\\\/penalawyers.com\\\/es\\\/#website\",\"url\":\"https:\\\/\\\/penalawyers.com\\\/es\\\/\",\"name\":\"Pena Law Group, P.A.\",\"description\":\"Central Florida Personal Injury Lawyers\",\"potentialAction\":[{\"@type\":\"SearchAction\",\"target\":{\"@type\":\"EntryPoint\",\"urlTemplate\":\"https:\\\/\\\/penalawyers.com\\\/es\\\/?s={search_term_string}\"},\"query-input\":{\"@type\":\"PropertyValueSpecification\",\"valueRequired\":true,\"valueName\":\"search_term_string\"}}],\"inLanguage\":\"es\"}]}<\/script>\n<!-- \/ Yoast SEO plugin. -->","yoast_head_json":{"title":"Accidentes de veh\u00edculos de transporte compartido - Pena Law Group, P.A.","robots":{"index":"index","follow":"follow","max-snippet":"max-snippet:-1","max-image-preview":"max-image-preview:large","max-video-preview":"max-video-preview:-1"},"canonical":"https:\/\/penalawyers.com\/es\/accidente-de-trafico\/accidentes-de-vehiculos-de-transporte-compartido\/","og_locale":"es_ES","og_type":"article","og_title":"Accidentes de veh\u00edculos de transporte compartido - Pena Law Group, P.A.","og_description":"La complejidad del estado de la \u00abaplicaci\u00f3n digital\u00bb. En Florida, un accidente de transporte compartido no es un \u00fanico tipo de reclamaci\u00f3n; es una escala variable de cobertura. Las compa\u00f1\u00edas de seguros de Uber y Lyft a menudo intentan dejar \u00abvac\u00edos\u00bb en su cobertura alegando que el conductor no estaba t\u00e9cnicamente en una misi\u00f3n en [&hellip;]","og_url":"https:\/\/penalawyers.com\/es\/accidente-de-trafico\/accidentes-de-vehiculos-de-transporte-compartido\/","og_site_name":"Pena Law Group, P.A.","article_modified_time":"2026-03-27T17:56:38+00:00","og_image":[{"width":1400,"height":863,"url":"https:\/\/penalawyers.com\/wp-content\/uploads\/2026\/03\/auto-accidents.jpg","type":"image\/jpeg"}],"twitter_card":"summary_large_image","twitter_misc":{"Tiempo de lectura":"1 minuto"},"schema":{"@context":"https:\/\/schema.org","@graph":[{"@type":"WebPage","@id":"https:\/\/penalawyers.com\/es\/accidente-de-trafico\/accidentes-de-vehiculos-de-transporte-compartido\/","url":"https:\/\/penalawyers.com\/es\/accidente-de-trafico\/accidentes-de-vehiculos-de-transporte-compartido\/","name":"Accidentes de veh\u00edculos de transporte compartido - Pena Law Group, P.A.","isPartOf":{"@id":"https:\/\/penalawyers.com\/es\/#website"},"primaryImageOfPage":{"@id":"https:\/\/penalawyers.com\/es\/accidente-de-trafico\/accidentes-de-vehiculos-de-transporte-compartido\/#primaryimage"},"image":{"@id":"https:\/\/penalawyers.com\/es\/accidente-de-trafico\/accidentes-de-vehiculos-de-transporte-compartido\/#primaryimage"},"thumbnailUrl":"https:\/\/penalawyers.com\/wp-content\/uploads\/2026\/03\/auto-accidents.jpg","datePublished":"2026-03-19T19:30:57+00:00","dateModified":"2026-03-27T17:56:38+00:00","breadcrumb":{"@id":"https:\/\/penalawyers.com\/es\/accidente-de-trafico\/accidentes-de-vehiculos-de-transporte-compartido\/#breadcrumb"},"inLanguage":"es","potentialAction":[{"@type":"ReadAction","target":["https:\/\/penalawyers.com\/es\/accidente-de-trafico\/accidentes-de-vehiculos-de-transporte-compartido\/"]}]},{"@type":"ImageObject","inLanguage":"es","@id":"https:\/\/penalawyers.com\/es\/accidente-de-trafico\/accidentes-de-vehiculos-de-transporte-compartido\/#primaryimage","url":"https:\/\/penalawyers.com\/wp-content\/uploads\/2026\/03\/auto-accidents.jpg","contentUrl":"https:\/\/penalawyers.com\/wp-content\/uploads\/2026\/03\/auto-accidents.jpg","width":1400,"height":863,"caption":"Accidentes de carro en el centro de Florida"},{"@type":"BreadcrumbList","@id":"https:\/\/penalawyers.com\/es\/accidente-de-trafico\/accidentes-de-vehiculos-de-transporte-compartido\/#breadcrumb","itemListElement":[{"@type":"ListItem","position":1,"name":"Home","item":"https:\/\/penalawyers.com\/es\/"},{"@type":"ListItem","position":2,"name":"Accidente de Auto","item":"https:\/\/penalawyers.com\/es\/accidente-de-trafico\/"},{"@type":"ListItem","position":3,"name":"Accidentes de veh\u00edculos de transporte compartido"}]},{"@type":"WebSite","@id":"https:\/\/penalawyers.com\/es\/#website","url":"https:\/\/penalawyers.com\/es\/","name":"Pena Law Group, P.A.","description":"Central Florida Personal Injury Lawyers","potentialAction":[{"@type":"SearchAction","target":{"@type":"EntryPoint","urlTemplate":"https:\/\/penalawyers.com\/es\/?s={search_term_string}"},"query-input":{"@type":"PropertyValueSpecification","valueRequired":true,"valueName":"search_term_string"}}],"inLanguage":"es"}]}},"_links":{"self":[{"href":"https:\/\/penalawyers.com\/es\/wp-json\/wp\/v2\/pages\/291","targetHints":{"allow":["GET"]}}],"collection":[{"href":"https:\/\/penalawyers.com\/es\/wp-json\/wp\/v2\/pages"}],"about":[{"href":"https:\/\/penalawyers.com\/es\/wp-json\/wp\/v2\/types\/page"}],"author":[{"embeddable":true,"href":"https:\/\/penalawyers.com\/es\/wp-json\/wp\/v2\/users\/1"}],"replies":[{"embeddable":true,"href":"https:\/\/penalawyers.com\/es\/wp-json\/wp\/v2\/comments?post=291"}],"version-history":[{"count":1,"href":"https:\/\/penalawyers.com\/es\/wp-json\/wp\/v2\/pages\/291\/revisions"}],"predecessor-version":[{"id":292,"href":"https:\/\/penalawyers.com\/es\/wp-json\/wp\/v2\/pages\/291\/revisions\/292"}],"up":[{"embeddable":true,"href":"https:\/\/penalawyers.com\/es\/wp-json\/wp\/v2\/pages\/283"}],"wp:featuredmedia":[{"embeddable":true,"href":"https:\/\/penalawyers.com\/es\/wp-json\/wp\/v2\/media\/282"}],"wp:attachment":[{"href":"https:\/\/penalawyers.com\/es\/wp-json\/wp\/v2\/media?parent=291"}],"curies":[{"name":"wp","href":"https:\/\/api.w.org\/{rel}","templated":true}]}}