{"id":270,"date":"2026-03-11T22:50:03","date_gmt":"2026-03-11T22:50:03","guid":{"rendered":"https:\/\/penalawyers.com\/compensacion-laboral\/"},"modified":"2026-04-17T16:21:09","modified_gmt":"2026-04-17T16:21:09","slug":"compensacion-laboral","status":"publish","type":"page","link":"https:\/\/penalawyers.com\/es\/compensacion-laboral\/","title":{"rendered":"Compensaci\u00f3n laboral"},"content":{"rendered":"\n<h2 class=\"wp-block-heading\">Usted tiene derechos tras una lesi\u00f3n en el trabajo. Nosotros los protegemos.<\/h2>\n\n<p>Seg\u00fan la legislaci\u00f3n de Florida, si sufre una lesi\u00f3n mientras desempe\u00f1a sus funciones laborales, por lo general tiene derecho a prestaciones de compensaci\u00f3n laboral, independientemente de qui\u00e9n haya tenido la culpa del accidente. Sin embargo, el sistema es notoriamente complejo, y las aseguradoras tienen incentivos econ\u00f3micos para retrasar, pagar de menos o denegar sus reclamaciones v\u00e1lidas.<\/p>\n\n<p>En Pena Law Group, P.A., entendemos el impacto f\u00edsico, emocional y econ\u00f3mico que una lesi\u00f3n laboral tiene sobre usted y su familia. La abogada Ashley Pena aporta una s\u00f3lida experiencia en litigios, obligando a las compa\u00f1\u00edas de seguros a proporcionar la atenci\u00f3n m\u00e9dica y los salarios perdidos que legalmente le corresponden.<\/p>\n\n<blockquote class=\"wp-block-quote is-layout-flow wp-block-quote-is-layout-flow\">\n<div class=\"highlight-box\">\n    <p>\u00abEl tramitador de siniestros no es su amigo. Su objetivo es cerrar su expediente al menor coste posible. Mi objetivo es maximizar su indemnizaci\u00f3n para que pueda recuperarse sin arruinarse econ\u00f3micamente.\u00bb<\/p>\n            <span>\u2014 Ashley C. Pena, Esq.<\/span>\n    <\/div><\/blockquote>\n\n<h2 class=\"wp-block-heading\">\u00bfA qu\u00e9 prestaciones tiene derecho en Florida?<\/h2>\n\n<p>El sistema de compensaci\u00f3n laboral de Florida est\u00e1 dise\u00f1ado para proporcionar prestaciones espec\u00edficas. Si la compa\u00f1\u00eda de seguros se niega a proporcionar cualquiera de las siguientes, necesita representaci\u00f3n legal de inmediato:<\/p>\n\n<ul class=\"wp-block-list\">\n<li><strong>Prestaciones m\u00e9dicas:<\/strong> Cobertura de todo el tratamiento m\u00e9dico autorizado, facturas hospitalarias, fisioterapia y medicamentos con receta necesarios para tratar su lesi\u00f3n relacionada con el trabajo.<\/li>\n\n\n\n<li><strong>Salarios perdidos (prestaciones indemnizatorias):<\/strong> Si su m\u00e9dico autorizado indica que no puede trabajar, o si su empleador no puede adaptarse a las restricciones de trabajo ligero, tiene derecho a un porcentaje de su salario semanal medio.<\/li>\n\n\n\n<li><strong>Prestaciones por incapacidad:<\/strong> Indemnizaci\u00f3n si su lesi\u00f3n da lugar a una incapacidad f\u00edsica permanente despu\u00e9s de haber alcanzado la Mejor\u00eda M\u00e9dica M\u00e1xima (MMI).<\/li>\n\n\n\n<li><strong>Prestaciones por fallecimiento:<\/strong> Apoyo econ\u00f3mico y gastos funerarios proporcionados a los dependientes supervivientes si un accidente laboral provoca un fallecimiento.<\/li>\n<\/ul>\n\n<h2 class=\"wp-block-heading\">Motivos habituales por los que se deniegan las reclamaciones de compensaci\u00f3n laboral<\/h2>\n\n<p>Las compa\u00f1\u00edas de seguros utilizan diversas t\u00e1cticas para evitar pagar las reclamaciones. No acepte una denegaci\u00f3n como respuesta definitiva. Con frecuencia litigamos y revocamos denegaciones basadas en:<\/p>\n\n<ul class=\"wp-block-list\">\n<li>Alegaciones de que la lesi\u00f3n no se produjo en el curso y \u00e1mbito del empleo.<\/li>\n\n\n\n<li>Afirmaciones de que su afecci\u00f3n es una lesi\u00f3n \u201cpreexistente\u201d, no causada por su trabajo.<\/li>\n\n\n\n<li>Plazos incumplidos para comunicar la lesi\u00f3n a su empleador (por lo general, dispone de 30 d\u00edas en Florida).<\/li>\n\n\n\n<li>El m\u00e9dico \u201cindependiente\u201d de la aseguradora afirmando que est\u00e1 completamente recuperado cuando a\u00fan tiene dolor.<\/li>\n<\/ul>\n\n<h2 class=\"wp-block-heading\">Preguntas frecuentes<\/h2>\n\n<div class=\"faq-item\">\n            <div class=\"faq-question\">\u00bfPuedo elegir a mi propio m\u00e9dico?<\/div>\n        \n            <div class=\"faq-answer\">\n            \nEn Florida, por lo general, la aseguradora de compensaci\u00f3n laboral tiene derecho a seleccionar a su m\u00e9dico tratante. Sin embargo, si no est\u00e1 satisfecho con la atenci\u00f3n que est\u00e1 recibiendo, tiene derecho a solicitar un cambio de m\u00e9dico por \u00fanica vez. Podemos ayudarle a orientarse en este proceso para garantizar que reciba una evaluaci\u00f3n justa.\n\n\n        <\/div>\n    <\/div>\n<div class=\"faq-item\">\n            <div class=\"faq-question\">\u00bfPueden despedirme por presentar una reclamaci\u00f3n de compensaci\u00f3n laboral?<\/div>\n        \n            <div class=\"faq-answer\">\n            \n\n\nNo. Seg\u00fan la legislaci\u00f3n de Florida, es ilegal que un empleador tome represalias contra un empleado o lo despida \u00fanicamente por presentar una reclamaci\u00f3n v\u00e1lida de compensaci\u00f3n laboral.\n\n\n\n\n\n        <\/div>\n    <\/div>\n<div class=\"faq-item\">\n            <div class=\"faq-question\">\u00bfCu\u00e1nto cuesta contratar a un abogado de compensaci\u00f3n laboral?<\/div>\n        \n            <div class=\"faq-answer\">\n            \n\n\n\n\n\nEn Pena Law Group, P.A., trabajamos con un estricto sistema de honorarios de contingencia. Esto significa que no paga ning\u00fan coste inicial ni honorarios por hora. Solo cobramos si conseguimos recuperar prestaciones o lograr un acuerdo para usted.\n\n\n\n\n\n\n\n\n        <\/div>\n    <\/div>","protected":false},"excerpt":{"rendered":"<p>Usted tiene derechos tras una lesi\u00f3n en el trabajo. Nosotros los protegemos. Seg\u00fan la legislaci\u00f3n de Florida, si sufre una lesi\u00f3n mientras desempe\u00f1a sus funciones laborales, por lo general tiene derecho a prestaciones de compensaci\u00f3n laboral, independientemente de qui\u00e9n haya tenido la culpa del accidente. Sin embargo, el sistema es notoriamente complejo, y las aseguradoras [&hellip;]<\/p>\n","protected":false},"author":1,"featured_media":269,"parent":0,"menu_order":0,"comment_status":"closed","ping_status":"closed","template":"template-practice-area.php","meta":{"_acf_changed":false,"footnotes":""},"class_list":["post-270","page","type-page","status-publish","has-post-thumbnail","hentry"],"acf":[],"yoast_head":"<!-- This site is optimized with the Yoast SEO plugin v27.5 - https:\/\/yoast.com\/product\/yoast-seo-wordpress\/ -->\n<title>Compensaci\u00f3n laboral - Pena Law Group, P.A.<\/title>\n<meta name=\"robots\" content=\"index, follow, max-snippet:-1, max-image-preview:large, max-video-preview:-1\" \/>\n<link rel=\"canonical\" href=\"https:\/\/penalawyers.com\/es\/compensacion-laboral\/\" \/>\n<meta property=\"og:locale\" content=\"es_ES\" \/>\n<meta property=\"og:type\" content=\"article\" \/>\n<meta property=\"og:title\" content=\"Compensaci\u00f3n laboral - Pena Law Group, P.A.\" \/>\n<meta property=\"og:description\" content=\"Usted tiene derechos tras una lesi\u00f3n en el trabajo. Nosotros los protegemos. Seg\u00fan la legislaci\u00f3n de Florida, si sufre una lesi\u00f3n mientras desempe\u00f1a sus funciones laborales, por lo general tiene derecho a prestaciones de compensaci\u00f3n laboral, independientemente de qui\u00e9n haya tenido la culpa del accidente. Sin embargo, el sistema es notoriamente complejo, y las aseguradoras [&hellip;]\" \/>\n<meta property=\"og:url\" content=\"https:\/\/penalawyers.com\/es\/compensacion-laboral\/\" \/>\n<meta property=\"og:site_name\" content=\"Pena Law Group, P.A.\" \/>\n<meta property=\"article:modified_time\" content=\"2026-04-17T16:21:09+00:00\" \/>\n<meta property=\"og:image\" content=\"https:\/\/penalawyers.com\/wp-content\/uploads\/2026\/03\/workers-compensation-lawyer.jpg\" \/>\n\t<meta property=\"og:image:width\" content=\"1600\" \/>\n\t<meta property=\"og:image:height\" content=\"1067\" \/>\n\t<meta property=\"og:image:type\" content=\"image\/jpeg\" \/>\n<meta name=\"twitter:card\" content=\"summary_large_image\" \/>\n<meta name=\"twitter:label1\" content=\"Tiempo de lectura\" \/>\n\t<meta name=\"twitter:data1\" content=\"2 minutos\" \/>\n<script type=\"application\/ld+json\" class=\"yoast-schema-graph\">{\"@context\":\"https:\\\/\\\/schema.org\",\"@graph\":[{\"@type\":\"WebPage\",\"@id\":\"https:\\\/\\\/penalawyers.com\\\/es\\\/compensacion-laboral\\\/\",\"url\":\"https:\\\/\\\/penalawyers.com\\\/es\\\/compensacion-laboral\\\/\",\"name\":\"Compensaci\u00f3n laboral - Pena Law Group, P.A.\",\"isPartOf\":{\"@id\":\"https:\\\/\\\/penalawyers.com\\\/es\\\/#website\"},\"primaryImageOfPage\":{\"@id\":\"https:\\\/\\\/penalawyers.com\\\/es\\\/compensacion-laboral\\\/#primaryimage\"},\"image\":{\"@id\":\"https:\\\/\\\/penalawyers.com\\\/es\\\/compensacion-laboral\\\/#primaryimage\"},\"thumbnailUrl\":\"https:\\\/\\\/penalawyers.com\\\/wp-content\\\/uploads\\\/2026\\\/03\\\/workers-compensation-lawyer.jpg\",\"datePublished\":\"2026-03-11T22:50:03+00:00\",\"dateModified\":\"2026-04-17T16:21:09+00:00\",\"breadcrumb\":{\"@id\":\"https:\\\/\\\/penalawyers.com\\\/es\\\/compensacion-laboral\\\/#breadcrumb\"},\"inLanguage\":\"es\",\"potentialAction\":[{\"@type\":\"ReadAction\",\"target\":[\"https:\\\/\\\/penalawyers.com\\\/es\\\/compensacion-laboral\\\/\"]}]},{\"@type\":\"ImageObject\",\"inLanguage\":\"es\",\"@id\":\"https:\\\/\\\/penalawyers.com\\\/es\\\/compensacion-laboral\\\/#primaryimage\",\"url\":\"https:\\\/\\\/penalawyers.com\\\/wp-content\\\/uploads\\\/2026\\\/03\\\/workers-compensation-lawyer.jpg\",\"contentUrl\":\"https:\\\/\\\/penalawyers.com\\\/wp-content\\\/uploads\\\/2026\\\/03\\\/workers-compensation-lawyer.jpg\",\"width\":1600,\"height\":1067},{\"@type\":\"BreadcrumbList\",\"@id\":\"https:\\\/\\\/penalawyers.com\\\/es\\\/compensacion-laboral\\\/#breadcrumb\",\"itemListElement\":[{\"@type\":\"ListItem\",\"position\":1,\"name\":\"Home\",\"item\":\"https:\\\/\\\/penalawyers.com\\\/es\\\/\"},{\"@type\":\"ListItem\",\"position\":2,\"name\":\"Compensaci\u00f3n laboral\"}]},{\"@type\":\"WebSite\",\"@id\":\"https:\\\/\\\/penalawyers.com\\\/es\\\/#website\",\"url\":\"https:\\\/\\\/penalawyers.com\\\/es\\\/\",\"name\":\"Pena Law Group, P.A.\",\"description\":\"Central Florida Personal Injury Lawyers\",\"potentialAction\":[{\"@type\":\"SearchAction\",\"target\":{\"@type\":\"EntryPoint\",\"urlTemplate\":\"https:\\\/\\\/penalawyers.com\\\/es\\\/?s={search_term_string}\"},\"query-input\":{\"@type\":\"PropertyValueSpecification\",\"valueRequired\":true,\"valueName\":\"search_term_string\"}}],\"inLanguage\":\"es\"}]}<\/script>\n<!-- \/ Yoast SEO plugin. -->","yoast_head_json":{"title":"Compensaci\u00f3n laboral - Pena Law Group, P.A.","robots":{"index":"index","follow":"follow","max-snippet":"max-snippet:-1","max-image-preview":"max-image-preview:large","max-video-preview":"max-video-preview:-1"},"canonical":"https:\/\/penalawyers.com\/es\/compensacion-laboral\/","og_locale":"es_ES","og_type":"article","og_title":"Compensaci\u00f3n laboral - Pena Law Group, P.A.","og_description":"Usted tiene derechos tras una lesi\u00f3n en el trabajo. Nosotros los protegemos. Seg\u00fan la legislaci\u00f3n de Florida, si sufre una lesi\u00f3n mientras desempe\u00f1a sus funciones laborales, por lo general tiene derecho a prestaciones de compensaci\u00f3n laboral, independientemente de qui\u00e9n haya tenido la culpa del accidente. Sin embargo, el sistema es notoriamente complejo, y las aseguradoras [&hellip;]","og_url":"https:\/\/penalawyers.com\/es\/compensacion-laboral\/","og_site_name":"Pena Law Group, P.A.","article_modified_time":"2026-04-17T16:21:09+00:00","og_image":[{"width":1600,"height":1067,"url":"https:\/\/penalawyers.com\/wp-content\/uploads\/2026\/03\/workers-compensation-lawyer.jpg","type":"image\/jpeg"}],"twitter_card":"summary_large_image","twitter_misc":{"Tiempo de lectura":"2 minutos"},"schema":{"@context":"https:\/\/schema.org","@graph":[{"@type":"WebPage","@id":"https:\/\/penalawyers.com\/es\/compensacion-laboral\/","url":"https:\/\/penalawyers.com\/es\/compensacion-laboral\/","name":"Compensaci\u00f3n laboral - Pena Law Group, P.A.","isPartOf":{"@id":"https:\/\/penalawyers.com\/es\/#website"},"primaryImageOfPage":{"@id":"https:\/\/penalawyers.com\/es\/compensacion-laboral\/#primaryimage"},"image":{"@id":"https:\/\/penalawyers.com\/es\/compensacion-laboral\/#primaryimage"},"thumbnailUrl":"https:\/\/penalawyers.com\/wp-content\/uploads\/2026\/03\/workers-compensation-lawyer.jpg","datePublished":"2026-03-11T22:50:03+00:00","dateModified":"2026-04-17T16:21:09+00:00","breadcrumb":{"@id":"https:\/\/penalawyers.com\/es\/compensacion-laboral\/#breadcrumb"},"inLanguage":"es","potentialAction":[{"@type":"ReadAction","target":["https:\/\/penalawyers.com\/es\/compensacion-laboral\/"]}]},{"@type":"ImageObject","inLanguage":"es","@id":"https:\/\/penalawyers.com\/es\/compensacion-laboral\/#primaryimage","url":"https:\/\/penalawyers.com\/wp-content\/uploads\/2026\/03\/workers-compensation-lawyer.jpg","contentUrl":"https:\/\/penalawyers.com\/wp-content\/uploads\/2026\/03\/workers-compensation-lawyer.jpg","width":1600,"height":1067},{"@type":"BreadcrumbList","@id":"https:\/\/penalawyers.com\/es\/compensacion-laboral\/#breadcrumb","itemListElement":[{"@type":"ListItem","position":1,"name":"Home","item":"https:\/\/penalawyers.com\/es\/"},{"@type":"ListItem","position":2,"name":"Compensaci\u00f3n laboral"}]},{"@type":"WebSite","@id":"https:\/\/penalawyers.com\/es\/#website","url":"https:\/\/penalawyers.com\/es\/","name":"Pena Law Group, P.A.","description":"Central Florida Personal Injury Lawyers","potentialAction":[{"@type":"SearchAction","target":{"@type":"EntryPoint","urlTemplate":"https:\/\/penalawyers.com\/es\/?s={search_term_string}"},"query-input":{"@type":"PropertyValueSpecification","valueRequired":true,"valueName":"search_term_string"}}],"inLanguage":"es"}]}},"_links":{"self":[{"href":"https:\/\/penalawyers.com\/es\/wp-json\/wp\/v2\/pages\/270","targetHints":{"allow":["GET"]}}],"collection":[{"href":"https:\/\/penalawyers.com\/es\/wp-json\/wp\/v2\/pages"}],"about":[{"href":"https:\/\/penalawyers.com\/es\/wp-json\/wp\/v2\/types\/page"}],"author":[{"embeddable":true,"href":"https:\/\/penalawyers.com\/es\/wp-json\/wp\/v2\/users\/1"}],"replies":[{"embeddable":true,"href":"https:\/\/penalawyers.com\/es\/wp-json\/wp\/v2\/comments?post=270"}],"version-history":[{"count":3,"href":"https:\/\/penalawyers.com\/es\/wp-json\/wp\/v2\/pages\/270\/revisions"}],"predecessor-version":[{"id":375,"href":"https:\/\/penalawyers.com\/es\/wp-json\/wp\/v2\/pages\/270\/revisions\/375"}],"wp:featuredmedia":[{"embeddable":true,"href":"https:\/\/penalawyers.com\/es\/wp-json\/wp\/v2\/media\/269"}],"wp:attachment":[{"href":"https:\/\/penalawyers.com\/es\/wp-json\/wp\/v2\/media?parent=270"}],"curies":[{"name":"wp","href":"https:\/\/api.w.org\/{rel}","templated":true}]}}